{"id":7,"date":"2016-10-05T06:02:47","date_gmt":"2016-10-05T06:02:47","guid":{"rendered":"http:\/\/localhost\/Themegrill\/wordpress_flash\/?page_id=4"},"modified":"2026-01-27T22:15:46","modified_gmt":"2026-01-27T21:15:46","slug":"home","status":"publish","type":"page","link":"http:\/\/adwokat-zadlo.pl\/","title":{"rendered":"Home"},"content":{"rendered":"<div id=\"pl-7\"  class=\"panel-layout\" ><div id=\"pg-7-0\"  class=\"panel-grid panel-has-style\" ><div class=\"siteorigin-panels-stretch panel-row-style panel-row-style-for-7-0\" id=\"home\" data-stretch-type=\"full-width-stretch\" ><div id=\"pgc-7-0-0\"  class=\"panel-grid-cell\" ><div id=\"panel-7-0-0-0\" class=\"so-panel widget widget_themegrill_flash_slider tg-section tg-slider-widget panel-first-child panel-last-child\" data-index=\"0\" ><div class=\"panel-widget-style panel-widget-style-for-7-0-0-0\" ><div class=\"tg-slider-widget slider-dark slider-content-center slider-control-center full-width\">\n\t<div class=\"swiper-container\">\n\t\t<div class=\"swiper-wrapper\">\n\t\t\t\n\t\t\t\t\t<div class=\"swiper-slide\">\n\t\t\t\t\t\t<figure class=\"slider-image\" >\n\t\t\t\t\t\t\t<img width=\"1920\" height=\"1081\"\t\t\t\t\t\t\t\t\tsrc=\"http:\/\/adwokat-zadlo.pl\/wp-content\/uploads\/2018\/10\/2.png\"\n\t\t\t\t\t\t\t\t\talt=\"\"\n\t\t\t\t\t\t\t\t\ttitle=\"\"\/>\n\t\t\t\t\t\t\t<div class=\"overlay\"><\/div>\n\t\t\t\t\t\t<\/figure>\n\t\t\t\t\t\t<div class=\"slider-content\">\n\t\t\t\t\t\t\t<div class=\"tg-container\">\n\t\t\t\t\t\t\t\t<div class=\"caption-title\"><\/div>\n\t\t\t\t\t\t\t\t<div class=\"caption-desc\"><\/div>\n\t\t\t\t\t\t\t\t\t\t\t\t\t\t\t<\/div>\n\t\t\t\t\t\t<\/div>\n\t\t\t\t\t<\/div>\n\n\t\t\t\t\n\t\t\t\t\t<div class=\"swiper-slide\">\n\t\t\t\t\t\t<figure class=\"slider-image\" >\n\t\t\t\t\t\t\t<img width=\"1920\" height=\"1083\"\t\t\t\t\t\t\t\t\tsrc=\"http:\/\/adwokat-zadlo.pl\/wp-content\/uploads\/2018\/10\/1.png\"\n\t\t\t\t\t\t\t\t\talt=\"\"\n\t\t\t\t\t\t\t\t\ttitle=\"\"\/>\n\t\t\t\t\t\t\t<div class=\"overlay\"><\/div>\n\t\t\t\t\t\t<\/figure>\n\t\t\t\t\t\t<div class=\"slider-content\">\n\t\t\t\t\t\t\t<div class=\"tg-container\">\n\t\t\t\t\t\t\t\t<div class=\"caption-title\"><\/div>\n\t\t\t\t\t\t\t\t<div class=\"caption-desc\"><\/div>\n\t\t\t\t\t\t\t\t\t\t\t\t\t\t\t<\/div>\n\t\t\t\t\t\t<\/div>\n\t\t\t\t\t<\/div>\n\n\t\t\t\t\n\t\t\t\t\t<div class=\"swiper-slide\">\n\t\t\t\t\t\t<figure class=\"slider-image\" >\n\t\t\t\t\t\t\t<img width=\"1920\" height=\"1079\"\t\t\t\t\t\t\t\t\tsrc=\"http:\/\/adwokat-zadlo.pl\/wp-content\/uploads\/2018\/10\/3.png\"\n\t\t\t\t\t\t\t\t\talt=\"\"\n\t\t\t\t\t\t\t\t\ttitle=\"\"\/>\n\t\t\t\t\t\t\t<div class=\"overlay\"><\/div>\n\t\t\t\t\t\t<\/figure>\n\t\t\t\t\t\t<div class=\"slider-content\">\n\t\t\t\t\t\t\t<div class=\"tg-container\">\n\t\t\t\t\t\t\t\t<div class=\"caption-title\"><\/div>\n\t\t\t\t\t\t\t\t<div class=\"caption-desc\"><\/div>\n\t\t\t\t\t\t\t\t\t\t\t\t\t\t\t<\/div>\n\t\t\t\t\t\t<\/div>\n\t\t\t\t\t<\/div>\n\n\t\t\t\t\t\t<\/div>\n\t\t<div class=\"swiper-pagination\"><\/div>\n\t\t<div class=\"slider-arrow\">\n\t\t\t<div class=\"swiper-button-next\"><\/div>\n\t\t\t<div class=\"swiper-button-prev\"><\/div>\n\t\t<\/div>\n\t<\/div>\n<\/div>\n<\/div><\/div><\/div><\/div><\/div><div id=\"pg-7-1\"  class=\"panel-grid panel-has-style\" ><div class=\"siteorigin-panels-stretch panel-row-style panel-row-style-for-7-1\" id=\"my\" data-stretch-type=\"full\" ><div id=\"pgc-7-1-0\"  class=\"panel-grid-cell\" ><div id=\"panel-7-1-0-0\" class=\"so-panel widget widget_themegrill_flash_heading tg-widget section-title-wrapper panel-first-child panel-last-child\" data-index=\"1\" >\t<h3 class=\"section-title\">O mnie<\/h3>\n<\/div><\/div><\/div><\/div><div id=\"pg-7-2\"  class=\"panel-grid panel-has-style\" ><div class=\"panel-row-style panel-row-style-for-7-2\" ><div id=\"pgc-7-2-0\"  class=\"panel-grid-cell\" ><div id=\"panel-7-2-0-0\" class=\"so-panel widget widget_text panel-first-child panel-last-child\" data-index=\"2\" ><div class=\"panel-widget-style panel-widget-style-for-7-2-0-0\" >\t\t\t<div class=\"textwidget\"><p align=\"justify\">Adwokat Karol \u017b\u0105d\u0142o uko\u0144czy\u0142 dwa kierunki studi\u00f3w na Uniwersytecie im. Adama Mickiewicza w Poznaniu i posiada dyplomy magistra prawa oraz magistra administracji.<\/p>\n<p align=\"justify\">Karier\u0119 zawodow\u0105 rozpocz\u0105\u0142 jeszcze podczas studi\u00f3w, wsp\u00f3\u0142pracuj\u0105c z renomowanymi pozna\u0144skimi kancelariami. Aplikacj\u0119 adwokack\u0105 odby\u0142 pod patronatem adwokata Micha\u0142a Pankowskiego \u2013 wieloletniego cz\u0142onka Prezydium Okr\u0119gowej Rady Adwokackiej w Poznaniu, s\u0119dziego Wy\u017cszego S\u0105du Dyscyplinarnego, wykonuj\u0105cego zaw\u00f3d adwokata od ponad 30 lat. W trakcie trwania aplikacji oraz po jej uko\u0144czeniu by\u0142 odpowiedzialny za obs\u0142ug\u0119 prawn\u0105 zar\u00f3wno klient\u00f3w indywidualnych, jak i podmiot\u00f3w gospodarczych, w tym jednej z najwi\u0119kszych sp\u00f3\u0142ek prawa energetycznego w Polsce, du\u017cego przedsi\u0119biorstwa bran\u017cy chemicznej oraz pozna\u0144skich podmiot\u00f3w miejskich.<\/p>\n<p>Od 2015 roku cz\u0142onek Wielkopolskiej Izby Adwokackiej.<\/p>\n<p>Prywatnie pocz\u0105tkuj\u0105cy piwowar domowy i pasjonat g\u00f3r.<\/p>\n<\/div>\n\t\t<\/div><\/div><\/div><div id=\"pgc-7-2-1\"  class=\"panel-grid-cell\" ><div id=\"panel-7-2-1-0\" class=\"so-panel widget widget_text panel-first-child panel-last-child\" data-index=\"3\" >\t\t\t<div class=\"textwidget\"><p><img loading=\"lazy\" decoding=\"async\" class=\"alignnone  wp-image-770\" src=\"http:\/\/adwokat-zadlo.pl\/wp-content\/uploads\/2018\/10\/IMG_5331.png\" alt=\"\" width=\"421\" height=\"237\" srcset=\"http:\/\/adwokat-zadlo.pl\/wp-content\/uploads\/2018\/10\/IMG_5331.png 1920w, http:\/\/adwokat-zadlo.pl\/wp-content\/uploads\/2018\/10\/IMG_5331-300x169.png 300w, http:\/\/adwokat-zadlo.pl\/wp-content\/uploads\/2018\/10\/IMG_5331-768x432.png 768w, http:\/\/adwokat-zadlo.pl\/wp-content\/uploads\/2018\/10\/IMG_5331-1024x576.png 1024w\" sizes=\"auto, (max-width: 421px) 100vw, 421px\" \/><\/p>\n<\/div>\n\t\t<\/div><\/div><\/div><\/div><div id=\"pg-7-3\"  class=\"panel-grid panel-has-style\" ><div class=\"siteorigin-panels-stretch panel-row-style panel-row-style-for-7-3\" id=\"uslugi\" data-stretch-type=\"full\" ><div id=\"pgc-7-3-0\"  class=\"panel-grid-cell\" ><div id=\"panel-7-3-0-0\" class=\"so-panel widget widget_themegrill_flash_heading tg-widget section-title-wrapper panel-first-child panel-last-child\" data-index=\"4\" >\t<h3 class=\"section-title\">Us\u0142ugi<\/h3>\n<\/div><\/div><\/div><\/div><div id=\"pg-7-4\"  class=\"panel-grid panel-has-style\" ><div class=\"siteorigin-panels-stretch panel-row-style panel-row-style-for-7-4\" data-stretch-type=\"full\" ><div id=\"pgc-7-4-0\"  class=\"panel-grid-cell\" ><div id=\"panel-7-4-0-0\" class=\"widget_text so-panel widget widget_custom_html panel-first-child\" data-index=\"5\" ><div class=\"widget_text panel-widget-style panel-widget-style-for-7-4-0-0\" ><div class=\"textwidget custom-html-widget\"><a class=\"button\" href=\"http:\/\/adwokat-zadlo.pl\/index.php\/prawokarne\/\"><center>Prawo karne<\/center><\/a><\/div><\/div><\/div><div id=\"panel-7-4-0-1\" class=\"widget_text so-panel widget widget_custom_html\" data-index=\"6\" ><div class=\"widget_text panel-widget-style panel-widget-style-for-7-4-0-1\" ><div class=\"textwidget custom-html-widget\"><a class=\"button\" href=\"http:\/\/adwokat-zadlo.pl\/index.php\/prawoadministracyjne\/\">Prawo administracyjne<\/a><\/div><\/div><\/div><div id=\"panel-7-4-0-2\" class=\"widget_text so-panel widget widget_custom_html panel-last-child\" data-index=\"7\" ><div class=\"widget_text panel-widget-style panel-widget-style-for-7-4-0-2\" ><div class=\"textwidget custom-html-widget\"><a class=\"button\" href=\"http:\/\/adwokat-zadlo.pl\/index.php\/sluzebnosciprzesylu\/\">S\u0142u\u017cebno\u015bci przesy\u0142u<\/a><\/div><\/div><\/div><\/div><div id=\"pgc-7-4-1\"  class=\"panel-grid-cell\" ><div id=\"panel-7-4-1-0\" class=\"widget_text so-panel widget widget_custom_html panel-first-child\" data-index=\"8\" ><div class=\"widget_text panel-widget-style panel-widget-style-for-7-4-1-0\" ><div class=\"textwidget custom-html-widget\"><a class=\"button\" href=\"http:\/\/adwokat-zadlo.pl\/index.php\/sprawyozaplate\/\">Sprawy o zap\u0142at\u0119<\/a><\/div><\/div><\/div><div id=\"panel-7-4-1-1\" class=\"widget_text so-panel widget widget_custom_html\" data-index=\"9\" ><div class=\"widget_text panel-widget-style panel-widget-style-for-7-4-1-1\" ><div class=\"textwidget custom-html-widget\"><a class=\"button\" href=\"http:\/\/adwokat-zadlo.pl\/index.php\/nieruchomosci\/\">Nieruchomo\u015bci<\/a><\/div><\/div><\/div><div id=\"panel-7-4-1-2\" class=\"widget_text so-panel widget widget_custom_html panel-last-child\" data-index=\"10\" ><div class=\"widget_text panel-widget-style panel-widget-style-for-7-4-1-2\" ><div class=\"textwidget custom-html-widget\"><a class=\"button\" href=\"http:\/\/adwokat-zadlo.pl\/index.php\/rozwod\/\">Rozw\u00f3d, podzia\u0142 <br>maj\u0105tku<\/a><\/div><\/div><\/div><\/div><div id=\"pgc-7-4-2\"  class=\"panel-grid-cell\" ><div id=\"panel-7-4-2-0\" class=\"widget_text so-panel widget widget_custom_html panel-first-child\" data-index=\"11\" ><div class=\"widget_text panel-widget-style panel-widget-style-for-7-4-2-0\" ><div class=\"textwidget custom-html-widget\"><a class=\"button\" href=\"http:\/\/adwokat-zadlo.pl\/index.php\/prawospadkowe\/\">Prawo spadkowe<\/a><\/div><\/div><\/div><div id=\"panel-7-4-2-1\" class=\"widget_text so-panel widget widget_custom_html\" data-index=\"12\" ><div class=\"widget_text panel-widget-style panel-widget-style-for-7-4-2-1\" ><div class=\"textwidget custom-html-widget\"><a class=\"button\" href=\"http:\/\/adwokat-zadlo.pl\/index.php\/umowy\/\">Umowy<\/a><\/div><\/div><\/div><div id=\"panel-7-4-2-2\" class=\"widget_text so-panel widget widget_custom_html panel-last-child\" data-index=\"13\" ><div class=\"widget_text panel-widget-style panel-widget-style-for-7-4-2-2\" ><div class=\"textwidget custom-html-widget\"><a class=\"button\" href=\"http:\/\/adwokat-zadlo.pl\/index.php\/obslugaklientowbiznesowych\/\">Obs\u0142uga klient\u00f3w biznesowych<\/a><\/div><\/div><\/div><\/div><\/div><\/div><div id=\"pg-7-5\"  class=\"panel-grid panel-has-style\" ><div class=\"siteorigin-panels-stretch panel-row-style panel-row-style-for-7-5\" id=\"kontakt\" data-stretch-type=\"full\" ><div id=\"pgc-7-5-0\"  class=\"panel-grid-cell\" ><div id=\"panel-7-5-0-0\" class=\"so-panel widget widget_themegrill_flash_heading tg-widget section-title-wrapper panel-first-child panel-last-child\" data-index=\"14\" ><div id=\"wynagrodzenie\" class=\"panel-widget-style panel-widget-style-for-7-5-0-0\" >\t<h3 class=\"section-title\">Wynagrodzenie<\/h3>\n<\/div><\/div><\/div><\/div><\/div><div id=\"pg-7-6\"  class=\"panel-grid panel-has-style\" ><div class=\"panel-row-style panel-row-style-for-7-6\" ><div id=\"pgc-7-6-0\"  class=\"panel-grid-cell\" ><div id=\"panel-7-6-0-0\" class=\"so-panel widget widget_text panel-first-child panel-last-child\" data-index=\"15\" ><div class=\"panel-widget-style panel-widget-style-for-7-6-0-0\" >\t\t\t<div class=\"textwidget\"><p>Wynagrodzenie ustalane jest w ka\u017cdym przypadku indywidualnie, w oparciu o rodzaj sprawy, stopie\u0144 jej skomplikowania oraz przewidywany czas jej prowadzenia. Kancelaria oferuje nast\u0119puj\u0105ce systemy wynagrodzenia:<\/p>\n<ul>\n<li>jednorazowa porada prawna \u2013 200-300 z\u0142;<\/li>\n<\/ul>\n<ul>\n<li>wynagrodzenie rycza\u0142towe za prowadzenie sprawy \u2013 um\u00f3wiona z Klientem, z g\u00f3ry ustalona kwota za prowadzenie sprawy;<\/li>\n<\/ul>\n<ul>\n<li>wynagrodzenie rycza\u0142towe poszerzone o klauzul\u0119 success fee \u2013 wynagrodzenie sk\u0142ada si\u0119 z kwoty bazowej, p\u0142atnej przy zawarciu umowy z Klientem oraz wynagrodzenia dodatkowego, p\u0142atnego tylko i wy\u0142\u0105cznie w sytuacji osi\u0105gniecia um\u00f3wionego z Klientem celu;<\/li>\n<\/ul>\n<ul>\n<li>wynagrodzenie godzinowe \u2013 ustalona z Klientem stawka za godzin\u0119 wykonywania us\u0142ugi prawnej<\/li>\n<\/ul>\n<\/div>\n\t\t<\/div><\/div><\/div><\/div><\/div><div id=\"pg-7-7\"  class=\"panel-grid panel-has-style\" ><div class=\"siteorigin-panels-stretch panel-row-style panel-row-style-for-7-7\" id=\"kontakt\" data-stretch-type=\"full\" ><div id=\"pgc-7-7-0\"  class=\"panel-grid-cell\" ><div id=\"panel-7-7-0-0\" class=\"so-panel widget widget_themegrill_flash_heading tg-widget section-title-wrapper panel-first-child panel-last-child\" data-index=\"16\" ><div id=\"kontakt2\" class=\"panel-widget-style panel-widget-style-for-7-7-0-0\" >\t<h3 class=\"section-title\">Kontakt<\/h3>\n<\/div><\/div><\/div><\/div><\/div><div id=\"pg-7-8\"  class=\"panel-grid panel-has-style\" ><div class=\"siteorigin-panels-stretch panel-row-style panel-row-style-for-7-8\" data-stretch-type=\"full\" ><div id=\"pgc-7-8-0\"  class=\"panel-grid-cell\" ><div id=\"panel-7-8-0-0\" class=\"so-panel widget widget_text panel-first-child\" data-index=\"17\" ><div class=\"panel-widget-style panel-widget-style-for-7-8-0-0\" ><h3 class=\"widget-title\">Formularz kontaktowy<\/h3>\t\t\t<div class=\"textwidget\"><\/div>\n\t\t<\/div><\/div><div id=\"panel-7-8-0-1\" class=\"so-panel widget widget_text panel-last-child\" data-index=\"18\" >\t\t\t<div class=\"textwidget\"><div class=\"everest-forms\"><div class=\"evf-container default\" id=\"evf-294\"><form id=\"evf-form-294\" class=\"everest-form\" data-formid=\"294\" data-ajax_submission=\"0\" data-keyboard_friendly_form=\"0\" data-form_state_type=\"\" method=\"post\" enctype=\"multipart\/form-data\" action=\"\/index.php\/wp-json\/wp\/v2\/pages\/7\"><div class=\"evf-field-container\"><input type=\"hidden\" id=\"_wpnonce294\" name=\"_wpnonce294\" value=\"138647da79\" \/><input type=\"hidden\" name=\"_wp_http_referer\" value=\"\/index.php\/wp-json\/wp\/v2\/pages\/7\" \/><div class=\"evf-frontend-row\" data-row=\"row_1\" conditional_rules=\"[]\"><div class=\"evf-frontend-grid evf-grid-1\" data-grid=\"grid_1\"><div id=\"evf-294-field_name-container\" class=\"evf-field evf-field-text form-row validate-required\" data-required-field-message=\"This field is required.\" data-field-id=\"name\"><label class=\"evf-field-label\" for=\"evf-294-field_name\"><span class=\"evf-label\">Imi\u0119<\/span> <abbr class=\"required\" title=\"Required\">*<\/abbr><\/label><input type=\"text\" id=\"evf-294-field_name\" class=\"input-text\" name=\"everest_forms[form_fields][name]\" required><\/div><div id=\"evf-294-field_email-container\" class=\"evf-field evf-field-email form-row validate-required validate-email\" data-required-field-message=\"Please enter a valid email address.\" data-field-id=\"email\"><label class=\"evf-field-label\" for=\"evf-294-field_email\"><span class=\"evf-label\">Email<\/span> <abbr class=\"required\" title=\"Required\">*<\/abbr><\/label><input type=\"email\" id=\"evf-294-field_email\" class=\"input-text\" name=\"everest_forms[form_fields][email]\" required ><\/div><div id=\"evf-294-field_subject-container\" class=\"evf-field evf-field-text form-row validate-required\" data-required-field-message=\"This field is required.\" data-field-id=\"subject\"><label class=\"evf-field-label\" for=\"evf-294-field_subject\"><span class=\"evf-label\">Temat<\/span> <abbr class=\"required\" title=\"Required\">*<\/abbr><\/label><input type=\"text\" id=\"evf-294-field_subject\" class=\"input-text\" name=\"everest_forms[form_fields][subject]\" required><\/div><div id=\"evf-294-field_message-container\" class=\"evf-field evf-field-textarea form-row\" data-field-id=\"message\"><label class=\"evf-field-label\" for=\"evf-294-field_message\"><span class=\"evf-label\">Wiadomo\u015b\u0107<\/span> <\/label><textarea id=\"evf-294-field_message\" class=\"input-text\" name=\"everest_forms[form_fields][message]\"  ><\/textarea><\/div><\/div><\/div><\/div><div class=\"evf-submit-container \" ><input type=\"hidden\" name=\"everest_forms[id]\" value=\"294\"><input type=\"hidden\" name=\"everest_forms[author]\" value=\"1\"><button type='submit' name='everest_forms[submit]' class='everest-forms-submit-button button evf-submit ' id='evf-submit-294' value='evf-submit' data-process-text=\"Processing&hellip;\" conditional_rules='&quot;&quot;' conditional_id='evf-submit-294'  id=\"evf-submit-294\" aria-live=\"assertive\">Wy\u015blij<\/button><\/div><\/form><\/div><!-- .evf-container --><\/div>\n<\/div>\n\t\t<\/div><\/div><div id=\"pgc-7-8-1\"  class=\"panel-grid-cell\" ><div class=\"panel-cell-style panel-cell-style-for-7-8-1\" ><div id=\"panel-7-8-1-0\" class=\"so-panel widget widget_text panel-first-child\" data-index=\"19\" ><div class=\"panel-widget-style panel-widget-style-for-7-8-1-0\" ><h3 class=\"widget-title\">Dane kontaktowe<\/h3>\t\t\t<div class=\"textwidget\"><\/div>\n\t\t<\/div><\/div><div id=\"panel-7-8-1-1\" class=\"so-panel widget widget_text\" data-index=\"20\" >\t\t\t<div class=\"textwidget\"><p>Kancelaria Chodzie\u017c:<br \/>\n<span class=\"x193iq5w xeuugli x13faqbe x1vvkbs x1xmvt09 x1lliihq x1s928wv xhkezso x1gmr53x x1cpjm7i x1fgarty x1943h6x xudqn12 x3x7a5m x6prxxf xvq8zen xo1l8bm xzsf02u x1yc453h\" dir=\"auto\">ul. Adama Mickiewicza 4\/1<\/span><br \/>\n64-800 Chodzie\u017c<\/p>\n<\/div>\n\t\t<\/div><div id=\"panel-7-8-1-2\" class=\"so-panel widget widget_text\" data-index=\"21\" >\t\t\t<div class=\"textwidget\"><p>Tel.: <strong>501 155 642<\/strong><\/p>\n<\/div>\n\t\t<\/div><div id=\"panel-7-8-1-3\" class=\"so-panel widget widget_text panel-last-child\" data-index=\"22\" >\t\t\t<div class=\"textwidget\"><p>E-mail: <strong>kontakt@adwokat-zadlo.pl<\/strong><\/p>\n<p>&nbsp;<\/p>\n<\/div>\n\t\t<\/div><\/div><\/div><\/div><\/div><\/div>","protected":false},"excerpt":{"rendered":"<p>O mnie Adwokat Karol \u017b\u0105d\u0142o uko\u0144czy\u0142 dwa kierunki studi\u00f3w na Uniwersytecie im. Adama Mickiewicza w Poznaniu i posiada dyplomy magistra [&hellip;]<\/p>\n","protected":false},"author":1,"featured_media":0,"parent":0,"menu_order":0,"comment_status":"closed","ping_status":"closed","template":"page-templates\/pagebuilder.php","meta":{"footnotes":""},"class_list":["post-7","page","type-page","status-publish","hentry"],"_links":{"self":[{"href":"http:\/\/adwokat-zadlo.pl\/index.php\/wp-json\/wp\/v2\/pages\/7","targetHints":{"allow":["GET"]}}],"collection":[{"href":"http:\/\/adwokat-zadlo.pl\/index.php\/wp-json\/wp\/v2\/pages"}],"about":[{"href":"http:\/\/adwokat-zadlo.pl\/index.php\/wp-json\/wp\/v2\/types\/page"}],"author":[{"embeddable":true,"href":"http:\/\/adwokat-zadlo.pl\/index.php\/wp-json\/wp\/v2\/users\/1"}],"replies":[{"embeddable":true,"href":"http:\/\/adwokat-zadlo.pl\/index.php\/wp-json\/wp\/v2\/comments?post=7"}],"version-history":[{"count":161,"href":"http:\/\/adwokat-zadlo.pl\/index.php\/wp-json\/wp\/v2\/pages\/7\/revisions"}],"predecessor-version":[{"id":870,"href":"http:\/\/adwokat-zadlo.pl\/index.php\/wp-json\/wp\/v2\/pages\/7\/revisions\/870"}],"wp:attachment":[{"href":"http:\/\/adwokat-zadlo.pl\/index.php\/wp-json\/wp\/v2\/media?parent=7"}],"curies":[{"name":"wp","href":"https:\/\/api.w.org\/{rel}","templated":true}]}}