{"id":805,"date":"2018-10-21T19:32:32","date_gmt":"2018-10-21T19:32:32","guid":{"rendered":"http:\/\/adwokat-zadlo.pl\/?page_id=805"},"modified":"2018-10-21T19:36:55","modified_gmt":"2018-10-21T19:36:55","slug":"prawokarne","status":"publish","type":"page","link":"http:\/\/adwokat-zadlo.pl\/index.php\/prawokarne\/","title":{"rendered":"Prawo karne"},"content":{"rendered":"<div id=\"pl-805\"  class=\"panel-layout\" ><div id=\"pg-805-0\"  class=\"panel-grid panel-has-style\" ><div class=\"panel-row-style panel-row-style-for-805-0\" ><div id=\"pgc-805-0-0\"  class=\"panel-grid-cell\" ><div id=\"panel-805-0-0-0\" class=\"so-panel widget widget_text panel-first-child panel-last-child\" data-index=\"0\" ><div class=\"panel-widget-style panel-widget-style-for-805-0-0-0\" >\t\t\t<div class=\"textwidget\"><ul>\n<li>obrona os\u00f3b fizycznych w post\u0119powaniu karnym, karnoskarbowym i wykroczeniowym<\/li>\n<li>reprezentacja oskar\u017cycieli posi\u0142kowych i pokrzywdzonych w post\u0119powaniu karnym i wykroczeniowym,<\/li>\n<li>reprezentacja oskar\u017cycieli prywatnych w post\u0119powaniu karnym (sprawy z oskar\u017cenia prywatnego np. o znies\u0142awienie)<\/li>\n<li>odszkodowania za nies\u0142uszne skazanie, tymczasowe aresztowanie i zatrzymanie<\/li>\n<li>odroczenie wykonania kary<\/li>\n<li>przerwa w odbyciu kary<\/li>\n<li>warunkowe przedterminowe zwolnienie<\/li>\n<li>doz\u00f3r elektroniczny<\/li>\n<\/ul>\n<\/div>\n\t\t<\/div><\/div><\/div><\/div><\/div><\/div>","protected":false},"excerpt":{"rendered":"<p>obrona os\u00f3b fizycznych w post\u0119powaniu karnym, karnoskarbowym i wykroczeniowym reprezentacja oskar\u017cycieli posi\u0142kowych i pokrzywdzonych w post\u0119powaniu karnym i wykroczeniowym, reprezentacja [&hellip;]<\/p>\n","protected":false},"author":1,"featured_media":0,"parent":0,"menu_order":0,"comment_status":"closed","ping_status":"closed","template":"","meta":{"footnotes":""},"class_list":["post-805","page","type-page","status-publish","hentry"],"_links":{"self":[{"href":"http:\/\/adwokat-zadlo.pl\/index.php\/wp-json\/wp\/v2\/pages\/805","targetHints":{"allow":["GET"]}}],"collection":[{"href":"http:\/\/adwokat-zadlo.pl\/index.php\/wp-json\/wp\/v2\/pages"}],"about":[{"href":"http:\/\/adwokat-zadlo.pl\/index.php\/wp-json\/wp\/v2\/types\/page"}],"author":[{"embeddable":true,"href":"http:\/\/adwokat-zadlo.pl\/index.php\/wp-json\/wp\/v2\/users\/1"}],"replies":[{"embeddable":true,"href":"http:\/\/adwokat-zadlo.pl\/index.php\/wp-json\/wp\/v2\/comments?post=805"}],"version-history":[{"count":1,"href":"http:\/\/adwokat-zadlo.pl\/index.php\/wp-json\/wp\/v2\/pages\/805\/revisions"}],"predecessor-version":[{"id":821,"href":"http:\/\/adwokat-zadlo.pl\/index.php\/wp-json\/wp\/v2\/pages\/805\/revisions\/821"}],"wp:attachment":[{"href":"http:\/\/adwokat-zadlo.pl\/index.php\/wp-json\/wp\/v2\/media?parent=805"}],"curies":[{"name":"wp","href":"https:\/\/api.w.org\/{rel}","templated":true}]}}