{"id":807,"date":"2018-10-21T19:32:37","date_gmt":"2018-10-21T19:32:37","guid":{"rendered":"http:\/\/adwokat-zadlo.pl\/?page_id=807"},"modified":"2018-10-21T19:38:10","modified_gmt":"2018-10-21T19:38:10","slug":"sprawyozaplate","status":"publish","type":"page","link":"http:\/\/adwokat-zadlo.pl\/index.php\/sprawyozaplate\/","title":{"rendered":"Sprawy o zap\u0142at\u0119"},"content":{"rendered":"<div id=\"pl-807\"  class=\"panel-layout\" ><div id=\"pg-807-0\"  class=\"panel-grid panel-has-style\" ><div class=\"panel-row-style panel-row-style-for-807-0\" ><div id=\"pgc-807-0-0\"  class=\"panel-grid-cell\" ><div id=\"panel-807-0-0-0\" class=\"so-panel widget widget_text panel-first-child panel-last-child\" data-index=\"0\" ><div class=\"panel-widget-style panel-widget-style-for-807-0-0-0\" >\t\t\t<div class=\"textwidget\"><ul>\n<li>nieuregulowanie nale\u017cno\u015bci wynikaj\u0105cych z zawartych um\u00f3w\/wystawionych faktur<\/li>\n<li>sprawy o odszkodowanie (szkody poniesione na skutek wypadku komunikacyjnego, przest\u0119pstwa czy \u017ale wykonanego zabiegu medycyny estetycznej)<\/li>\n<li>zado\u015b\u0107uczynienie wyrz\u0105dzonej krzywdzie<\/li>\n<li>naruszenie d\u00f3br osobistych<\/li>\n<li>wszcz\u0119cie i prowadzenie sprawy przed organami egzekucyjnymi, w celu wyegzekwowania nale\u017cnego roszczenia<\/li>\n<\/ul>\n<\/div>\n\t\t<\/div><\/div><\/div><\/div><\/div><\/div>","protected":false},"excerpt":{"rendered":"<p>nieuregulowanie nale\u017cno\u015bci wynikaj\u0105cych z zawartych um\u00f3w\/wystawionych faktur sprawy o odszkodowanie (szkody poniesione na skutek wypadku komunikacyjnego, przest\u0119pstwa czy \u017ale wykonanego [&hellip;]<\/p>\n","protected":false},"author":1,"featured_media":0,"parent":0,"menu_order":0,"comment_status":"closed","ping_status":"closed","template":"","meta":{"footnotes":""},"class_list":["post-807","page","type-page","status-publish","hentry"],"_links":{"self":[{"href":"http:\/\/adwokat-zadlo.pl\/index.php\/wp-json\/wp\/v2\/pages\/807","targetHints":{"allow":["GET"]}}],"collection":[{"href":"http:\/\/adwokat-zadlo.pl\/index.php\/wp-json\/wp\/v2\/pages"}],"about":[{"href":"http:\/\/adwokat-zadlo.pl\/index.php\/wp-json\/wp\/v2\/types\/page"}],"author":[{"embeddable":true,"href":"http:\/\/adwokat-zadlo.pl\/index.php\/wp-json\/wp\/v2\/users\/1"}],"replies":[{"embeddable":true,"href":"http:\/\/adwokat-zadlo.pl\/index.php\/wp-json\/wp\/v2\/comments?post=807"}],"version-history":[{"count":2,"href":"http:\/\/adwokat-zadlo.pl\/index.php\/wp-json\/wp\/v2\/pages\/807\/revisions"}],"predecessor-version":[{"id":825,"href":"http:\/\/adwokat-zadlo.pl\/index.php\/wp-json\/wp\/v2\/pages\/807\/revisions\/825"}],"wp:attachment":[{"href":"http:\/\/adwokat-zadlo.pl\/index.php\/wp-json\/wp\/v2\/media?parent=807"}],"curies":[{"name":"wp","href":"https:\/\/api.w.org\/{rel}","templated":true}]}}