{"id":811,"date":"2018-10-21T19:28:04","date_gmt":"2018-10-21T19:28:04","guid":{"rendered":"http:\/\/adwokat-zadlo.pl\/?page_id=811"},"modified":"2024-07-18T12:05:38","modified_gmt":"2024-07-18T11:05:38","slug":"rozwod","status":"publish","type":"page","link":"http:\/\/adwokat-zadlo.pl\/index.php\/rozwod\/","title":{"rendered":"Rozw\u00f3d, podzia\u0142 maj\u0105tku wsp\u00f3lnego, alimenty od ma\u0142\u017conka"},"content":{"rendered":"<div id=\"pl-811\"  class=\"panel-layout\" ><div id=\"pg-811-0\"  class=\"panel-grid panel-has-style\" ><div class=\"panel-row-style panel-row-style-for-811-0\" ><div id=\"pgc-811-0-0\"  class=\"panel-grid-cell\" ><div id=\"panel-811-0-0-0\" class=\"so-panel widget widget_text panel-first-child panel-last-child\" data-index=\"0\" ><div class=\"panel-widget-style panel-widget-style-for-811-0-0-0\" >\t\t\t<div class=\"textwidget\"><ul>\n<li>prowadzenie spraw o rozw\u00f3d, w tym w wariancie \u201ez orzeczeniem o winie\u201d<\/li>\n<li>podzia\u0142 maj\u0105tku ma\u0142\u017conk\u00f3w po ustaniu wsp\u00f3lno\u015bci maj\u0105tkowej ma\u0142\u017ce\u0144skiej<\/li>\n<li>alimenty od by\u0142ego ma\u0142\u017conka na rzecz Klientki\/Klienta<\/li>\n<li>alimenty na rzecz wsp\u00f3lnych dzieci<\/li>\n<\/ul>\n<\/div>\n\t\t<\/div><\/div><\/div><\/div><\/div><\/div>","protected":false},"excerpt":{"rendered":"<p>prowadzenie spraw o rozw\u00f3d, w tym w wariancie \u201ez orzeczeniem o winie\u201d podzia\u0142 maj\u0105tku ma\u0142\u017conk\u00f3w po ustaniu wsp\u00f3lno\u015bci maj\u0105tkowej ma\u0142\u017ce\u0144skiej [&hellip;]<\/p>\n","protected":false},"author":1,"featured_media":0,"parent":0,"menu_order":0,"comment_status":"closed","ping_status":"closed","template":"","meta":{"footnotes":""},"class_list":["post-811","page","type-page","status-publish","hentry"],"_links":{"self":[{"href":"http:\/\/adwokat-zadlo.pl\/index.php\/wp-json\/wp\/v2\/pages\/811","targetHints":{"allow":["GET"]}}],"collection":[{"href":"http:\/\/adwokat-zadlo.pl\/index.php\/wp-json\/wp\/v2\/pages"}],"about":[{"href":"http:\/\/adwokat-zadlo.pl\/index.php\/wp-json\/wp\/v2\/types\/page"}],"author":[{"embeddable":true,"href":"http:\/\/adwokat-zadlo.pl\/index.php\/wp-json\/wp\/v2\/users\/1"}],"replies":[{"embeddable":true,"href":"http:\/\/adwokat-zadlo.pl\/index.php\/wp-json\/wp\/v2\/comments?post=811"}],"version-history":[{"count":3,"href":"http:\/\/adwokat-zadlo.pl\/index.php\/wp-json\/wp\/v2\/pages\/811\/revisions"}],"predecessor-version":[{"id":866,"href":"http:\/\/adwokat-zadlo.pl\/index.php\/wp-json\/wp\/v2\/pages\/811\/revisions\/866"}],"wp:attachment":[{"href":"http:\/\/adwokat-zadlo.pl\/index.php\/wp-json\/wp\/v2\/media?parent=811"}],"curies":[{"name":"wp","href":"https:\/\/api.w.org\/{rel}","templated":true}]}}