{"id":813,"date":"2018-10-21T19:30:03","date_gmt":"2018-10-21T19:30:03","guid":{"rendered":"http:\/\/adwokat-zadlo.pl\/?page_id=813"},"modified":"2018-10-21T19:38:04","modified_gmt":"2018-10-21T19:38:04","slug":"umowy","status":"publish","type":"page","link":"http:\/\/adwokat-zadlo.pl\/index.php\/umowy\/","title":{"rendered":"Umowy"},"content":{"rendered":"<div id=\"pl-813\"  class=\"panel-layout\" ><div id=\"pg-813-0\"  class=\"panel-grid panel-has-style\" ><div class=\"panel-row-style panel-row-style-for-813-0\" ><div id=\"pgc-813-0-0\"  class=\"panel-grid-cell\" ><div id=\"panel-813-0-0-0\" class=\"so-panel widget widget_text panel-first-child panel-last-child\" data-index=\"0\" ><div class=\"panel-widget-style panel-widget-style-for-813-0-0-0\" >\t\t\t<div class=\"textwidget\"><ul>\n<li>sporz\u0105dzenie tre\u015bci um\u00f3w prawa cywilnoprawnego np. umowy sprzeda\u017cy, najmu, dzier\u017cawy, zlecenia, o dzie\u0142o, o roboty budowlane itd.<\/li>\n<li>weryfikacja gotowych tre\u015bci um\u00f3w pod k\u0105tem interesu Klienta<\/li>\n<li>prowadzenie spraw powsta\u0142ych na tle zawartej umowy np. zap\u0142aty kary umownej, rozwi\u0105zania umowy czy zwrotu zadatku<\/li>\n<\/ul>\n<\/div>\n\t\t<\/div><\/div><\/div><\/div><\/div><\/div>","protected":false},"excerpt":{"rendered":"<p>sporz\u0105dzenie tre\u015bci um\u00f3w prawa cywilnoprawnego np. umowy sprzeda\u017cy, najmu, dzier\u017cawy, zlecenia, o dzie\u0142o, o roboty budowlane itd. weryfikacja gotowych tre\u015bci [&hellip;]<\/p>\n","protected":false},"author":1,"featured_media":0,"parent":0,"menu_order":0,"comment_status":"closed","ping_status":"closed","template":"","meta":{"footnotes":""},"class_list":["post-813","page","type-page","status-publish","hentry"],"_links":{"self":[{"href":"http:\/\/adwokat-zadlo.pl\/index.php\/wp-json\/wp\/v2\/pages\/813","targetHints":{"allow":["GET"]}}],"collection":[{"href":"http:\/\/adwokat-zadlo.pl\/index.php\/wp-json\/wp\/v2\/pages"}],"about":[{"href":"http:\/\/adwokat-zadlo.pl\/index.php\/wp-json\/wp\/v2\/types\/page"}],"author":[{"embeddable":true,"href":"http:\/\/adwokat-zadlo.pl\/index.php\/wp-json\/wp\/v2\/users\/1"}],"replies":[{"embeddable":true,"href":"http:\/\/adwokat-zadlo.pl\/index.php\/wp-json\/wp\/v2\/comments?post=813"}],"version-history":[{"count":1,"href":"http:\/\/adwokat-zadlo.pl\/index.php\/wp-json\/wp\/v2\/pages\/813\/revisions"}],"predecessor-version":[{"id":814,"href":"http:\/\/adwokat-zadlo.pl\/index.php\/wp-json\/wp\/v2\/pages\/813\/revisions\/814"}],"wp:attachment":[{"href":"http:\/\/adwokat-zadlo.pl\/index.php\/wp-json\/wp\/v2\/media?parent=813"}],"curies":[{"name":"wp","href":"https:\/\/api.w.org\/{rel}","templated":true}]}}