{"id":815,"date":"2018-10-21T19:30:51","date_gmt":"2018-10-21T19:30:51","guid":{"rendered":"http:\/\/adwokat-zadlo.pl\/?page_id=815"},"modified":"2018-10-21T19:37:46","modified_gmt":"2018-10-21T19:37:46","slug":"nieruchomosci","status":"publish","type":"page","link":"http:\/\/adwokat-zadlo.pl\/index.php\/nieruchomosci\/","title":{"rendered":"Nieruchomo\u015bci"},"content":{"rendered":"<div id=\"pl-815\"  class=\"panel-layout\" ><div id=\"pg-815-0\"  class=\"panel-grid panel-has-style\" ><div class=\"panel-row-style panel-row-style-for-815-0\" ><div id=\"pgc-815-0-0\"  class=\"panel-grid-cell\" ><div id=\"panel-815-0-0-0\" class=\"so-panel widget widget_text panel-first-child panel-last-child\" data-index=\"0\" ><div class=\"panel-widget-style panel-widget-style-for-815-0-0-0\" >\t\t\t<div class=\"textwidget\"><ul>\n<li>zniesienie wsp\u00f3\u0142w\u0142asno\u015bci<\/li>\n<li>zasiedzenie<\/li>\n<li>uzgodnienie tre\u015bci ksi\u0119gi wieczystej z rzeczywistym stanem prawnym<\/li>\n<li>eksmisja<\/li>\n<li>bezumowne korzystanie z nieruchomo\u015bci<\/li>\n<li>pow\u00f3dztwa zwi\u0105zane z naruszaniem prawa w\u0142asno\u015bci<\/li>\n<li>odszkodowania od gminy za zajmowanie przez lokatora lokalu mieszkalnego<\/li>\n<\/ul>\n<\/div>\n\t\t<\/div><\/div><\/div><\/div><\/div><\/div>","protected":false},"excerpt":{"rendered":"<p>zniesienie wsp\u00f3\u0142w\u0142asno\u015bci zasiedzenie uzgodnienie tre\u015bci ksi\u0119gi wieczystej z rzeczywistym stanem prawnym eksmisja bezumowne korzystanie z nieruchomo\u015bci pow\u00f3dztwa zwi\u0105zane z naruszaniem [&hellip;]<\/p>\n","protected":false},"author":1,"featured_media":0,"parent":0,"menu_order":0,"comment_status":"closed","ping_status":"closed","template":"","meta":{"footnotes":""},"class_list":["post-815","page","type-page","status-publish","hentry"],"_links":{"self":[{"href":"http:\/\/adwokat-zadlo.pl\/index.php\/wp-json\/wp\/v2\/pages\/815","targetHints":{"allow":["GET"]}}],"collection":[{"href":"http:\/\/adwokat-zadlo.pl\/index.php\/wp-json\/wp\/v2\/pages"}],"about":[{"href":"http:\/\/adwokat-zadlo.pl\/index.php\/wp-json\/wp\/v2\/types\/page"}],"author":[{"embeddable":true,"href":"http:\/\/adwokat-zadlo.pl\/index.php\/wp-json\/wp\/v2\/users\/1"}],"replies":[{"embeddable":true,"href":"http:\/\/adwokat-zadlo.pl\/index.php\/wp-json\/wp\/v2\/comments?post=815"}],"version-history":[{"count":1,"href":"http:\/\/adwokat-zadlo.pl\/index.php\/wp-json\/wp\/v2\/pages\/815\/revisions"}],"predecessor-version":[{"id":816,"href":"http:\/\/adwokat-zadlo.pl\/index.php\/wp-json\/wp\/v2\/pages\/815\/revisions\/816"}],"wp:attachment":[{"href":"http:\/\/adwokat-zadlo.pl\/index.php\/wp-json\/wp\/v2\/media?parent=815"}],"curies":[{"name":"wp","href":"https:\/\/api.w.org\/{rel}","templated":true}]}}