{"id":817,"date":"2018-10-21T19:31:38","date_gmt":"2018-10-21T19:31:38","guid":{"rendered":"http:\/\/adwokat-zadlo.pl\/?page_id=817"},"modified":"2018-10-21T19:37:33","modified_gmt":"2018-10-21T19:37:33","slug":"obslugaklientowbiznesowych","status":"publish","type":"page","link":"http:\/\/adwokat-zadlo.pl\/index.php\/obslugaklientowbiznesowych\/","title":{"rendered":"Obs\u0142uga klient\u00f3w biznesowych"},"content":{"rendered":"<div id=\"pl-817\"  class=\"panel-layout\" ><div id=\"pg-817-0\"  class=\"panel-grid panel-has-style\" ><div class=\"panel-row-style panel-row-style-for-817-0\" ><div id=\"pgc-817-0-0\"  class=\"panel-grid-cell\" ><div id=\"panel-817-0-0-0\" class=\"so-panel widget widget_text panel-first-child panel-last-child\" data-index=\"0\" ><div class=\"panel-widget-style panel-widget-style-for-817-0-0-0\" >\t\t\t<div class=\"textwidget\"><p>Kompleksowe doradztwo prawne dla przedsi\u0119biorc\u00f3w: w szczeg\u00f3lno\u015bci<\/p>\n<ul>\n<li>opracowywanie tre\u015bci zawieranych um\u00f3w<\/li>\n<li>prowadzenie spor\u00f3w powsta\u0142ych na tle wykonywania kontraktu<\/li>\n<li>dochodzenie roszcze\u0144 od nierzetelnych kontrahent\u00f3w<\/li>\n<li>spory administracyjne z udzia\u0142em przedsi\u0119biorc\u00f3w<\/li>\n<li>sprawy karne i karno-skarbowe<\/li>\n<li>rejestracja i przekszta\u0142cenie sp\u00f3\u0142ek prawa handlowego<\/li>\n<li>dokonywanie zmian w Krajowym Rejestrze S\u0105dowym<\/li>\n<\/ul>\n<\/div>\n\t\t<\/div><\/div><\/div><\/div><\/div><\/div>","protected":false},"excerpt":{"rendered":"<p>Kompleksowe doradztwo prawne dla przedsi\u0119biorc\u00f3w: w szczeg\u00f3lno\u015bci opracowywanie tre\u015bci zawieranych um\u00f3w prowadzenie spor\u00f3w powsta\u0142ych na tle wykonywania kontraktu dochodzenie roszcze\u0144 [&hellip;]<\/p>\n","protected":false},"author":1,"featured_media":0,"parent":0,"menu_order":0,"comment_status":"closed","ping_status":"closed","template":"","meta":{"footnotes":""},"class_list":["post-817","page","type-page","status-publish","hentry"],"_links":{"self":[{"href":"http:\/\/adwokat-zadlo.pl\/index.php\/wp-json\/wp\/v2\/pages\/817","targetHints":{"allow":["GET"]}}],"collection":[{"href":"http:\/\/adwokat-zadlo.pl\/index.php\/wp-json\/wp\/v2\/pages"}],"about":[{"href":"http:\/\/adwokat-zadlo.pl\/index.php\/wp-json\/wp\/v2\/types\/page"}],"author":[{"embeddable":true,"href":"http:\/\/adwokat-zadlo.pl\/index.php\/wp-json\/wp\/v2\/users\/1"}],"replies":[{"embeddable":true,"href":"http:\/\/adwokat-zadlo.pl\/index.php\/wp-json\/wp\/v2\/comments?post=817"}],"version-history":[{"count":1,"href":"http:\/\/adwokat-zadlo.pl\/index.php\/wp-json\/wp\/v2\/pages\/817\/revisions"}],"predecessor-version":[{"id":818,"href":"http:\/\/adwokat-zadlo.pl\/index.php\/wp-json\/wp\/v2\/pages\/817\/revisions\/818"}],"wp:attachment":[{"href":"http:\/\/adwokat-zadlo.pl\/index.php\/wp-json\/wp\/v2\/media?parent=817"}],"curies":[{"name":"wp","href":"https:\/\/api.w.org\/{rel}","templated":true}]}}